{"id":5685,"date":"2023-07-21T11:30:17","date_gmt":"2023-07-21T11:30:17","guid":{"rendered":"https:\/\/medocaine.com\/legal-information\/"},"modified":"2024-05-03T11:29:14","modified_gmt":"2024-05-03T11:29:14","slug":"legal-information","status":"publish","type":"page","link":"https:\/\/medocaine.com\/en\/legal-information\/","title":{"rendered":"Legal Notice"},"content":{"rendered":"\t\t<div data-elementor-type=\"wp-page\" data-elementor-id=\"5685\" class=\"elementor elementor-5685 elementor-3\" data-elementor-post-type=\"page\">\n\t\t\t\t<div class=\"elementor-element elementor-element-d4178bb e-flex e-con-boxed e-con e-parent\" data-id=\"d4178bb\" data-element_type=\"container\" data-e-type=\"container\">\n\t\t\t\t\t<div class=\"e-con-inner\">\n\t\t\t\t<div class=\"elementor-element elementor-element-6bb27da elementor-widget elementor-widget-heading\" data-id=\"6bb27da\" data-element_type=\"widget\" data-e-type=\"widget\" data-widget_type=\"heading.default\">\n\t\t\t\t<div class=\"elementor-widget-container\">\n\t\t\t\t\t<h1 class=\"elementor-heading-title elementor-size-default\">Legal Information<\/h1>\t\t\t\t<\/div>\n\t\t\t\t<\/div>\n\t\t\t\t\t<\/div>\n\t\t\t\t<\/div>\n\t\t<div class=\"elementor-element elementor-element-453cc191 e-flex e-con-boxed e-con e-parent\" data-id=\"453cc191\" data-element_type=\"container\" data-e-type=\"container\">\n\t\t\t\t\t<div class=\"e-con-inner\">\n\t\t\t\t<div class=\"elementor-element elementor-element-2ccea41 elementor-widget elementor-widget-heading\" data-id=\"2ccea41\" data-element_type=\"widget\" data-e-type=\"widget\" data-widget_type=\"heading.default\">\n\t\t\t\t<div class=\"elementor-widget-container\">\n\t\t\t\t\t<h2 class=\"elementor-heading-title elementor-size-default\">Site Editor:<\/h2>\t\t\t\t<\/div>\n\t\t\t\t<\/div>\n\t\t\t\t<div class=\"elementor-element elementor-element-3c97fb5 elementor-widget elementor-widget-text-editor\" data-id=\"3c97fb5\" data-element_type=\"widget\" data-e-type=\"widget\" data-widget_type=\"text-editor.default\">\n\t\t\t\t<div class=\"elementor-widget-container\">\n\t\t\t\t\t\t\t\t\t<p>Website https:\/\/www.medocaine.com published by:<\/p>\n<p>Compagnie M\u00e9docaine Des Grands Crus<\/p>\n<p>7, Rue Descartes<\/p>\n<p>33295 BLANQUEFORT CEDEX<\/p>\n<p>FRANCE<\/p><p><br><\/p>\n<p><\/p>\n<p>VAT number: FR 533 0978 7588<\/p>\n<p>Publication Director: Patrice HEUMANN<\/p>\n<p>Contact: heumann.p@medocaine.com \u2013 Phone number: 05 56 95 54 95<\/p>\t\t\t\t\t\t\t\t<\/div>\n\t\t\t\t<\/div>\n\t\t\t\t<div class=\"elementor-element elementor-element-a2ef12e elementor-widget elementor-widget-heading\" data-id=\"a2ef12e\" data-element_type=\"widget\" data-e-type=\"widget\" data-widget_type=\"heading.default\">\n\t\t\t\t<div class=\"elementor-widget-container\">\n\t\t\t\t\t<h2 class=\"elementor-heading-title elementor-size-default\">website host:<\/h2>\t\t\t\t<\/div>\n\t\t\t\t<\/div>\n\t\t\t\t<div class=\"elementor-element elementor-element-d7d350c elementor-widget elementor-widget-text-editor\" data-id=\"d7d350c\" data-element_type=\"widget\" data-e-type=\"widget\" data-widget_type=\"text-editor.default\">\n\t\t\t\t<div class=\"elementor-widget-container\">\n\t\t\t\t\t\t\t\t\t<p>The <a href=\"https:\/\/medocaine.com\/en\/\">www.medocaine.com<\/a> website is hosted by OVH, a simplified joint stock company and subsidiary of OVH Groupe SA, registered with the Lille Trade and Companies Register under number 537 407 926 at 2, rue Kellermann, 59100 Roubaix.<\/p>\n\t\t\t\t\t\t\t\t<\/div>\n\t\t\t\t<\/div>\n\t\t\t\t<div class=\"elementor-element elementor-element-2d71c74 elementor-widget elementor-widget-heading\" data-id=\"2d71c74\" data-element_type=\"widget\" data-e-type=\"widget\" data-widget_type=\"heading.default\">\n\t\t\t\t<div class=\"elementor-widget-container\">\n\t\t\t\t\t<h2 class=\"elementor-heading-title elementor-size-default\">Intellectual property:\n<\/h2>\t\t\t\t<\/div>\n\t\t\t\t<\/div>\n\t\t\t\t<div class=\"elementor-element elementor-element-8f26ab0 elementor-widget elementor-widget-text-editor\" data-id=\"8f26ab0\" data-element_type=\"widget\" data-e-type=\"widget\" data-widget_type=\"text-editor.default\">\n\t\t\t\t<div class=\"elementor-widget-container\">\n\t\t\t\t\t\t\t\t\t<p>This entire site is governed by French and international legislation on copyright and intellectual property. All reproduction rights are reserved, including for downloadable documents and iconographic and photographic representations.<\/p>\n<p> <\/p>\t\t\t\t\t\t\t\t<\/div>\n\t\t\t\t<\/div>\n\t\t\t\t<div class=\"elementor-element elementor-element-8d9b746 elementor-widget elementor-widget-heading\" data-id=\"8d9b746\" data-element_type=\"widget\" data-e-type=\"widget\" data-widget_type=\"heading.default\">\n\t\t\t\t<div class=\"elementor-widget-container\">\n\t\t\t\t\t<h2 class=\"elementor-heading-title elementor-size-default\">pictures credit:<\/h2>\t\t\t\t<\/div>\n\t\t\t\t<\/div>\n\t\t\t\t<div class=\"elementor-element elementor-element-7d0e069 elementor-widget elementor-widget-text-editor\" data-id=\"7d0e069\" data-element_type=\"widget\" data-e-type=\"widget\" data-widget_type=\"text-editor.default\">\n\t\t\t\t<div class=\"elementor-widget-container\">\n\t\t\t\t\t\t\t\t\t<p>Ch\u00e2teau Kirwan &#8211; Ch\u00e2teau Durfort Vivens &#8211; Se\u00f1a &#8211; Cheval des Andes &#8211; <a href=\"https:\/\/guntherv.smugmug.com\/\">Gunther Vicente<\/a> &#8211; <a href=\"https:\/\/www.chapuis-photo.com\/\">Serge Chapuis<\/a> &#8211; <a href=\"http:\/\/guillaumebonnaud-photographe.com\/\">Guillaume Bonnaud<\/a> &#8211; Ch\u00e2teau Beauregard &#8211; Ch\u00e2teau Marquis de Terme &#8211; Almaviva &#8211; Ch\u00e2teau Ferri\u00e8re &#8211; Petrolo &#8211; Ch\u00e2teau Grand Corbin Despagne &#8211; Ch\u00e2teau Lynch-Bages &#8211; Ch\u00e2teau Latour &#8211; Ch\u00e2teau Petit-Village &#8211; Ch\u00e2teau Pichon Baron &#8211; Ch\u00e2teau Suduiraut &#8211; Comtes de Malet Roquefort &#8211; Ch\u00e2teau Pontet-Canet &#8211; <a href=\"https:\/\/www.oliviermetzger.com\/\">Olivier Metzger<\/a> &#8211; <a href=\"https:\/\/www.episodedeux.fr\/\">Brice Braastad<\/a> <\/p>\n\t\t\t\t\t\t\t\t<\/div>\n\t\t\t\t<\/div>\n\t\t\t\t<div class=\"elementor-element elementor-element-58a4bce elementor-widget elementor-widget-heading\" data-id=\"58a4bce\" data-element_type=\"widget\" data-e-type=\"widget\" data-widget_type=\"heading.default\">\n\t\t\t\t<div class=\"elementor-widget-container\">\n\t\t\t\t\t<h2 class=\"elementor-heading-title elementor-size-default\">Privacy policy :\n<\/h2>\t\t\t\t<\/div>\n\t\t\t\t<\/div>\n\t\t\t\t<div class=\"elementor-element elementor-element-c09f25a elementor-widget elementor-widget-text-editor\" data-id=\"c09f25a\" data-element_type=\"widget\" data-e-type=\"widget\" data-widget_type=\"text-editor.default\">\n\t\t\t\t<div class=\"elementor-widget-container\">\n\t\t\t\t\t\t\t\t\t<p>The Compagnie M\u00e9docaine des Grands Crus undertakes to maintain the confidentiality of any information provided online by the Internet user. Any personal information that the Internet user may transmit to the Compagnie M\u00e9docaine des Grands Crus for the use of certain services is subject to the provisions of the French Data Protection Act no. 78-17 of January 6, 1978. Internet users have the right to access, rectify and delete their personal data at any time by sending a letter to the company&#8217;s address or an e-mail to&nbsp;<a target=\"_new\">contact@medocaine.com<\/a>.<\/p>\n\t\t\t\t\t\t\t\t<\/div>\n\t\t\t\t<\/div>\n\t\t\t\t<div class=\"elementor-element elementor-element-1edff5f elementor-widget elementor-widget-heading\" data-id=\"1edff5f\" data-element_type=\"widget\" data-e-type=\"widget\" data-widget_type=\"heading.default\">\n\t\t\t\t<div class=\"elementor-widget-container\">\n\t\t\t\t\t<h2 class=\"elementor-heading-title elementor-size-default\">Cookies :<\/h2>\t\t\t\t<\/div>\n\t\t\t\t<\/div>\n\t\t\t\t<div class=\"elementor-element elementor-element-430ebfd elementor-widget elementor-widget-text-editor\" data-id=\"430ebfd\" data-element_type=\"widget\" data-e-type=\"widget\" data-widget_type=\"text-editor.default\">\n\t\t\t\t<div class=\"elementor-widget-container\">\n\t\t\t\t\t\t\t\t\t<p>The site may require acceptance of cookies for statistical and display purposes. A cookie is a piece of information placed on your hard disk by the server of the site you are visiting. It contains a number of data items stored on your computer in a simple text file that a server accesses to read and record information. Some parts of this site cannot be used without accepting cookies.<\/p>\n\t\t\t\t\t\t\t\t<\/div>\n\t\t\t\t<\/div>\n\t\t\t\t\t<\/div>\n\t\t\t\t<\/div>\n\t\t\t\t<\/div>\n\t\t","protected":false},"excerpt":{"rendered":"<p>Legal Information Site Editor: Website https:\/\/www.medocaine.com published by: Compagnie M\u00e9docaine Des Grands Crus 7, Rue Descartes 33295 BLANQUEFORT CEDEX FRANCE VAT number: FR 533 0978 7588 Publication Director: Patrice HEUMANN Contact: heumann.p@medocaine.com \u2013 Phone number: 05 56 95 54 95 website host: The www.medocaine.com website is hosted by OVH, a simplified joint stock company and [&hellip;]<\/p>\n","protected":false},"author":1,"featured_media":0,"parent":0,"menu_order":0,"comment_status":"closed","ping_status":"open","template":"","meta":{"footnotes":""},"class_list":["post-5685","page","type-page","status-publish","hentry"],"yoast_head":"<!-- This site is optimized with the Yoast SEO plugin v27.4 - https:\/\/yoast.com\/product\/yoast-seo-wordpress\/ -->\n<title>Legal Notice - Compagnie M\u00e9docaine des Grands Crus<\/title>\n<meta name=\"robots\" content=\"index, follow, max-snippet:-1, max-image-preview:large, max-video-preview:-1\" \/>\n<link rel=\"canonical\" href=\"https:\/\/medocaine.com\/en\/legal-information\/\" \/>\n<meta property=\"og:locale\" content=\"en_US\" \/>\n<meta property=\"og:type\" content=\"article\" \/>\n<meta property=\"og:title\" content=\"Legal Notice - Compagnie M\u00e9docaine des Grands Crus\" \/>\n<meta property=\"og:description\" content=\"Legal Information Site Editor: Website https:\/\/www.medocaine.com published by: Compagnie M\u00e9docaine Des Grands Crus 7, Rue Descartes 33295 BLANQUEFORT CEDEX FRANCE VAT number: FR 533 0978 7588 Publication Director: Patrice HEUMANN Contact: heumann.p@medocaine.com \u2013 Phone number: 05 56 95 54 95 website host: The www.medocaine.com website is hosted by OVH, a simplified joint stock company and [&hellip;]\" \/>\n<meta property=\"og:url\" content=\"https:\/\/medocaine.com\/en\/legal-information\/\" \/>\n<meta property=\"og:site_name\" content=\"Compagnie M\u00e9docaine des Grands Crus\" \/>\n<meta property=\"article:modified_time\" content=\"2024-05-03T11:29:14+00:00\" \/>\n<meta name=\"twitter:card\" content=\"summary_large_image\" \/>\n<meta name=\"twitter:label1\" content=\"Est. reading time\" \/>\n\t<meta name=\"twitter:data1\" content=\"2 minutes\" \/>\n<script type=\"application\/ld+json\" class=\"yoast-schema-graph\">{\"@context\":\"https:\\\/\\\/schema.org\",\"@graph\":[{\"@type\":\"WebPage\",\"@id\":\"https:\\\/\\\/medocaine.com\\\/en\\\/legal-information\\\/\",\"url\":\"https:\\\/\\\/medocaine.com\\\/en\\\/legal-information\\\/\",\"name\":\"Legal Notice - Compagnie M\u00e9docaine des Grands Crus\",\"isPartOf\":{\"@id\":\"https:\\\/\\\/medocaine.com\\\/en\\\/#website\"},\"datePublished\":\"2023-07-21T11:30:17+00:00\",\"dateModified\":\"2024-05-03T11:29:14+00:00\",\"breadcrumb\":{\"@id\":\"https:\\\/\\\/medocaine.com\\\/en\\\/legal-information\\\/#breadcrumb\"},\"inLanguage\":\"en-US\",\"potentialAction\":[{\"@type\":\"ReadAction\",\"target\":[\"https:\\\/\\\/medocaine.com\\\/en\\\/legal-information\\\/\"]}]},{\"@type\":\"BreadcrumbList\",\"@id\":\"https:\\\/\\\/medocaine.com\\\/en\\\/legal-information\\\/#breadcrumb\",\"itemListElement\":[{\"@type\":\"ListItem\",\"position\":1,\"name\":\"Accueil\",\"item\":\"https:\\\/\\\/medocaine.com\\\/en\\\/compagnie-medocaine-des-grands-crus\\\/\"},{\"@type\":\"ListItem\",\"position\":2,\"name\":\"Legal Notice\"}]},{\"@type\":\"WebSite\",\"@id\":\"https:\\\/\\\/medocaine.com\\\/en\\\/#website\",\"url\":\"https:\\\/\\\/medocaine.com\\\/en\\\/\",\"name\":\"medocaine\",\"description\":\"Explorer le vin, d\u00e9guster le monde\",\"publisher\":{\"@id\":\"https:\\\/\\\/medocaine.com\\\/en\\\/#organization\"},\"potentialAction\":[{\"@type\":\"SearchAction\",\"target\":{\"@type\":\"EntryPoint\",\"urlTemplate\":\"https:\\\/\\\/medocaine.com\\\/en\\\/?s={search_term_string}\"},\"query-input\":{\"@type\":\"PropertyValueSpecification\",\"valueRequired\":true,\"valueName\":\"search_term_string\"}}],\"inLanguage\":\"en-US\"},{\"@type\":\"Organization\",\"@id\":\"https:\\\/\\\/medocaine.com\\\/en\\\/#organization\",\"name\":\"medocaine\",\"url\":\"https:\\\/\\\/medocaine.com\\\/en\\\/\",\"logo\":{\"@type\":\"ImageObject\",\"inLanguage\":\"en-US\",\"@id\":\"https:\\\/\\\/medocaine.com\\\/en\\\/#\\\/schema\\\/logo\\\/image\\\/\",\"url\":\"https:\\\/\\\/medocaine.com\\\/wp-content\\\/uploads\\\/2023\\\/11\\\/CMDGC_Logo_Bloc_Beige.png\",\"contentUrl\":\"https:\\\/\\\/medocaine.com\\\/wp-content\\\/uploads\\\/2023\\\/11\\\/CMDGC_Logo_Bloc_Beige.png\",\"width\":5330,\"height\":1015,\"caption\":\"medocaine\"},\"image\":{\"@id\":\"https:\\\/\\\/medocaine.com\\\/en\\\/#\\\/schema\\\/logo\\\/image\\\/\"},\"sameAs\":[\"https:\\\/\\\/www.linkedin.com\\\/company\\\/6110907\\\/admin\\\/feed\\\/posts\\\/\",\"https:\\\/\\\/www.instagram.com\\\/compagnie.medocaine\\\/\"]}]}<\/script>\n<!-- \/ Yoast SEO plugin. -->","yoast_head_json":{"title":"Legal Notice - Compagnie M\u00e9docaine des Grands Crus","robots":{"index":"index","follow":"follow","max-snippet":"max-snippet:-1","max-image-preview":"max-image-preview:large","max-video-preview":"max-video-preview:-1"},"canonical":"https:\/\/medocaine.com\/en\/legal-information\/","og_locale":"en_US","og_type":"article","og_title":"Legal Notice - Compagnie M\u00e9docaine des Grands Crus","og_description":"Legal Information Site Editor: Website https:\/\/www.medocaine.com published by: Compagnie M\u00e9docaine Des Grands Crus 7, Rue Descartes 33295 BLANQUEFORT CEDEX FRANCE VAT number: FR 533 0978 7588 Publication Director: Patrice HEUMANN Contact: heumann.p@medocaine.com \u2013 Phone number: 05 56 95 54 95 website host: The www.medocaine.com website is hosted by OVH, a simplified joint stock company and [&hellip;]","og_url":"https:\/\/medocaine.com\/en\/legal-information\/","og_site_name":"Compagnie M\u00e9docaine des Grands Crus","article_modified_time":"2024-05-03T11:29:14+00:00","twitter_card":"summary_large_image","twitter_misc":{"Est. reading time":"2 minutes"},"schema":{"@context":"https:\/\/schema.org","@graph":[{"@type":"WebPage","@id":"https:\/\/medocaine.com\/en\/legal-information\/","url":"https:\/\/medocaine.com\/en\/legal-information\/","name":"Legal Notice - Compagnie M\u00e9docaine des Grands Crus","isPartOf":{"@id":"https:\/\/medocaine.com\/en\/#website"},"datePublished":"2023-07-21T11:30:17+00:00","dateModified":"2024-05-03T11:29:14+00:00","breadcrumb":{"@id":"https:\/\/medocaine.com\/en\/legal-information\/#breadcrumb"},"inLanguage":"en-US","potentialAction":[{"@type":"ReadAction","target":["https:\/\/medocaine.com\/en\/legal-information\/"]}]},{"@type":"BreadcrumbList","@id":"https:\/\/medocaine.com\/en\/legal-information\/#breadcrumb","itemListElement":[{"@type":"ListItem","position":1,"name":"Accueil","item":"https:\/\/medocaine.com\/en\/compagnie-medocaine-des-grands-crus\/"},{"@type":"ListItem","position":2,"name":"Legal Notice"}]},{"@type":"WebSite","@id":"https:\/\/medocaine.com\/en\/#website","url":"https:\/\/medocaine.com\/en\/","name":"medocaine","description":"Explorer le vin, d\u00e9guster le monde","publisher":{"@id":"https:\/\/medocaine.com\/en\/#organization"},"potentialAction":[{"@type":"SearchAction","target":{"@type":"EntryPoint","urlTemplate":"https:\/\/medocaine.com\/en\/?s={search_term_string}"},"query-input":{"@type":"PropertyValueSpecification","valueRequired":true,"valueName":"search_term_string"}}],"inLanguage":"en-US"},{"@type":"Organization","@id":"https:\/\/medocaine.com\/en\/#organization","name":"medocaine","url":"https:\/\/medocaine.com\/en\/","logo":{"@type":"ImageObject","inLanguage":"en-US","@id":"https:\/\/medocaine.com\/en\/#\/schema\/logo\/image\/","url":"https:\/\/medocaine.com\/wp-content\/uploads\/2023\/11\/CMDGC_Logo_Bloc_Beige.png","contentUrl":"https:\/\/medocaine.com\/wp-content\/uploads\/2023\/11\/CMDGC_Logo_Bloc_Beige.png","width":5330,"height":1015,"caption":"medocaine"},"image":{"@id":"https:\/\/medocaine.com\/en\/#\/schema\/logo\/image\/"},"sameAs":["https:\/\/www.linkedin.com\/company\/6110907\/admin\/feed\/posts\/","https:\/\/www.instagram.com\/compagnie.medocaine\/"]}]}},"_links":{"self":[{"href":"https:\/\/medocaine.com\/en\/wp-json\/wp\/v2\/pages\/5685","targetHints":{"allow":["GET"]}}],"collection":[{"href":"https:\/\/medocaine.com\/en\/wp-json\/wp\/v2\/pages"}],"about":[{"href":"https:\/\/medocaine.com\/en\/wp-json\/wp\/v2\/types\/page"}],"author":[{"embeddable":true,"href":"https:\/\/medocaine.com\/en\/wp-json\/wp\/v2\/users\/1"}],"replies":[{"embeddable":true,"href":"https:\/\/medocaine.com\/en\/wp-json\/wp\/v2\/comments?post=5685"}],"version-history":[{"count":7,"href":"https:\/\/medocaine.com\/en\/wp-json\/wp\/v2\/pages\/5685\/revisions"}],"predecessor-version":[{"id":6487,"href":"https:\/\/medocaine.com\/en\/wp-json\/wp\/v2\/pages\/5685\/revisions\/6487"}],"wp:attachment":[{"href":"https:\/\/medocaine.com\/en\/wp-json\/wp\/v2\/media?parent=5685"}],"curies":[{"name":"wp","href":"https:\/\/api.w.org\/{rel}","templated":true}]}}