{"id":5790,"date":"2024-03-12T09:46:46","date_gmt":"2024-03-12T09:46:46","guid":{"rendered":"https:\/\/medocaine.com\/contact-us\/"},"modified":"2024-05-03T09:05:50","modified_gmt":"2024-05-03T09:05:50","slug":"contact-us","status":"publish","type":"page","link":"https:\/\/medocaine.com\/en\/contact-us\/","title":{"rendered":"Contact us"},"content":{"rendered":"\t\t<div data-elementor-type=\"wp-page\" data-elementor-id=\"5790\" class=\"elementor elementor-5790 elementor-3684\" data-elementor-post-type=\"page\">\n\t\t\t\t<div class=\"elementor-element elementor-element-5e380e9 e-con-full e-flex e-con e-parent\" data-id=\"5e380e9\" data-element_type=\"container\" data-e-type=\"container\" data-settings=\"{&quot;background_background&quot;:&quot;classic&quot;}\">\n\t\t<div class=\"elementor-element elementor-element-c576224 e-flex e-con-boxed e-con e-child\" data-id=\"c576224\" data-element_type=\"container\" data-e-type=\"container\">\n\t\t\t\t\t<div class=\"e-con-inner\">\n\t\t\t\t<div class=\"elementor-element elementor-element-fd70c2d elementor-widget elementor-widget-heading\" data-id=\"fd70c2d\" data-element_type=\"widget\" data-e-type=\"widget\" data-widget_type=\"heading.default\">\n\t\t\t\t<div class=\"elementor-widget-container\">\n\t\t\t\t\t<h1 class=\"elementor-heading-title elementor-size-default\">Contact us<\/h1>\t\t\t\t<\/div>\n\t\t\t\t<\/div>\n\t\t\t\t<div class=\"elementor-element elementor-element-bedc19e elementor-align-center elementor-widget elementor-widget-lottie\" data-id=\"bedc19e\" data-element_type=\"widget\" data-e-type=\"widget\" data-settings=\"{&quot;source&quot;:&quot;external_url&quot;,&quot;source_external_url&quot;:{&quot;url&quot;:&quot;https:\\\/\\\/lottie.host\\\/b7e4d419-4d3b-4e1e-b752-db562b8e1b47\\\/Gu0UbOkqtF.json&quot;,&quot;is_external&quot;:&quot;&quot;,&quot;nofollow&quot;:&quot;&quot;,&quot;custom_attributes&quot;:&quot;&quot;},&quot;loop&quot;:&quot;yes&quot;,&quot;link_to&quot;:&quot;none&quot;,&quot;trigger&quot;:&quot;arriving_to_viewport&quot;,&quot;viewport&quot;:{&quot;unit&quot;:&quot;%&quot;,&quot;size&quot;:&quot;&quot;,&quot;sizes&quot;:{&quot;start&quot;:0,&quot;end&quot;:100}},&quot;play_speed&quot;:{&quot;unit&quot;:&quot;px&quot;,&quot;size&quot;:1,&quot;sizes&quot;:[]},&quot;start_point&quot;:{&quot;unit&quot;:&quot;%&quot;,&quot;size&quot;:0,&quot;sizes&quot;:[]},&quot;end_point&quot;:{&quot;unit&quot;:&quot;%&quot;,&quot;size&quot;:100,&quot;sizes&quot;:[]},&quot;renderer&quot;:&quot;svg&quot;}\" data-widget_type=\"lottie.default\">\n\t\t\t\t<div class=\"elementor-widget-container\">\n\t\t\t\t\t<div class=\"e-lottie__container\"><div class=\"e-lottie__animation\"><\/div><\/div>\t\t\t\t<\/div>\n\t\t\t\t<\/div>\n\t\t\t\t\t<\/div>\n\t\t\t\t<\/div>\n\t\t\t\t<\/div>\n\t\t<div class=\"elementor-element elementor-element-8805737 e-con-full e-flex e-con e-parent\" data-id=\"8805737\" data-element_type=\"container\" data-e-type=\"container\">\n\t\t\t\t<div class=\"elementor-element elementor-element-538bec8 elementor-widget elementor-widget-text-editor\" data-id=\"538bec8\" data-element_type=\"widget\" data-e-type=\"widget\" data-widget_type=\"text-editor.default\">\n\t\t\t\t<div class=\"elementor-widget-container\">\n\t\t\t\t\t\t\t\t\t<p>Need help? Contact us! Our team is here to answer your questions and assist you.<\/p>\n\t\t\t\t\t\t\t\t<\/div>\n\t\t\t\t<\/div>\n\t\t<div class=\"elementor-element elementor-element-db1b395 e-flex e-con-boxed e-con e-child\" data-id=\"db1b395\" data-element_type=\"container\" data-e-type=\"container\">\n\t\t\t\t\t<div class=\"e-con-inner\">\n\t\t<div class=\"elementor-element elementor-element-7e50b11 e-con-full e-flex e-con e-child\" data-id=\"7e50b11\" data-element_type=\"container\" data-e-type=\"container\">\n\t\t\t\t<div class=\"elementor-element elementor-element-1fd8911 elementor-button-align-center elementor-widget elementor-widget-form\" data-id=\"1fd8911\" data-element_type=\"widget\" data-e-type=\"widget\" data-settings=\"{&quot;step_next_label&quot;:&quot;Next&quot;,&quot;step_previous_label&quot;:&quot;Previous&quot;,&quot;button_width&quot;:&quot;100&quot;,&quot;step_type&quot;:&quot;number_text&quot;,&quot;step_icon_shape&quot;:&quot;circle&quot;}\" data-widget_type=\"form.default\">\n\t\t\t\t<div class=\"elementor-widget-container\">\n\t\t\t\t\t\t\t<form class=\"elementor-form\" method=\"post\" name=\"New Form\" aria-label=\"New Form\">\n\t\t\t<input type=\"hidden\" name=\"post_id\" value=\"5790\"\/>\n\t\t\t<input type=\"hidden\" name=\"form_id\" value=\"1fd8911\"\/>\n\t\t\t<input type=\"hidden\" name=\"referer_title\" value=\"Compagnie M\u00e9docaine des Grands Crus - Contact us\" \/>\n\n\t\t\t\t\t\t\t<input type=\"hidden\" name=\"queried_id\" value=\"5790\"\/>\n\t\t\t\n\t\t\t<div class=\"elementor-form-fields-wrapper elementor-labels-above\">\n\t\t\t\t\t\t\t\t<div class=\"elementor-field-type-text elementor-field-group elementor-column elementor-field-group-name elementor-col-50 elementor-field-required\">\n\t\t\t\t\t\t\t\t\t\t\t\t<label for=\"form-field-name\" class=\"elementor-field-label\">\n\t\t\t\t\t\t\t\tName\t\t\t\t\t\t\t<\/label>\n\t\t\t\t\t\t\t\t\t\t\t\t\t\t<input size=\"1\" type=\"text\" name=\"form_fields[name]\" id=\"form-field-name\" class=\"elementor-field elementor-size-xs  elementor-field-textual\" placeholder=\"Name\" required=\"required\">\n\t\t\t\t\t\t\t\t\t\t\t<\/div>\n\t\t\t\t\t\t\t\t<div class=\"elementor-field-type-email elementor-field-group elementor-column elementor-field-group-email elementor-col-50 elementor-field-required\">\n\t\t\t\t\t\t\t\t\t\t\t\t<label for=\"form-field-email\" class=\"elementor-field-label\">\n\t\t\t\t\t\t\t\tE-mail\t\t\t\t\t\t\t<\/label>\n\t\t\t\t\t\t\t\t\t\t\t\t\t\t<input size=\"1\" type=\"email\" name=\"form_fields[email]\" id=\"form-field-email\" class=\"elementor-field elementor-size-xs  elementor-field-textual\" placeholder=\"E-mail\" required=\"required\">\n\t\t\t\t\t\t\t\t\t\t\t<\/div>\n\t\t\t\t\t\t\t\t<div class=\"elementor-field-type-text elementor-field-group elementor-column elementor-field-group-field_3b0ca71 elementor-col-50 elementor-field-required\">\n\t\t\t\t\t\t\t\t\t\t\t\t<label for=\"form-field-field_3b0ca71\" class=\"elementor-field-label\">\n\t\t\t\t\t\t\t\tSubject\t\t\t\t\t\t\t<\/label>\n\t\t\t\t\t\t\t\t\t\t\t\t\t\t<input size=\"1\" type=\"text\" name=\"form_fields[field_3b0ca71]\" id=\"form-field-field_3b0ca71\" class=\"elementor-field elementor-size-xs  elementor-field-textual\" placeholder=\"Subject\" required=\"required\">\n\t\t\t\t\t\t\t\t\t\t\t<\/div>\n\t\t\t\t\t\t\t\t<div class=\"elementor-field-type-textarea elementor-field-group elementor-column elementor-field-group-message elementor-col-100 elementor-field-required\">\n\t\t\t\t\t\t\t\t\t\t\t\t<label for=\"form-field-message\" class=\"elementor-field-label\">\n\t\t\t\t\t\t\t\tMessage\t\t\t\t\t\t\t<\/label>\n\t\t\t\t\t\t<textarea class=\"elementor-field-textual elementor-field  elementor-size-xs\" name=\"form_fields[message]\" id=\"form-field-message\" rows=\"4\" placeholder=\"Message\" required=\"required\"><\/textarea>\t\t\t\t<\/div>\n\t\t\t\t\t\t\t\t<div class=\"elementor-field-type-recaptcha_v3 elementor-field-group elementor-column elementor-field-group-field_c89a9dd elementor-col-100 recaptcha_v3-bottomright\">\n\t\t\t\t\t<div class=\"elementor-field\" id=\"form-field-field_c89a9dd\"><div class=\"elementor-g-recaptcha\" data-sitekey=\"6LdaKr8pAAAAADh7rESpAeRqGGjQXy9f0waOiPYR\" data-type=\"v3\" data-action=\"Form\" data-badge=\"bottomright\" data-size=\"invisible\"><\/div><\/div>\t\t\t\t<\/div>\n\t\t\t\t\t\t\t\t<div class=\"elementor-field-group elementor-column elementor-field-type-submit elementor-col-100 e-form__buttons\">\n\t\t\t\t\t<button class=\"elementor-button elementor-size-xs\" type=\"submit\">\n\t\t\t\t\t\t<span class=\"elementor-button-content-wrapper\">\n\t\t\t\t\t\t\t\t\t\t\t\t\t\t\t\t\t\t\t\t\t\t<span class=\"elementor-button-text\">Send<\/span>\n\t\t\t\t\t\t\t\t\t\t\t\t\t<\/span>\n\t\t\t\t\t<\/button>\n\t\t\t\t<\/div>\n\t\t\t<\/div>\n\t\t<\/form>\n\t\t\t\t\t\t<\/div>\n\t\t\t\t<\/div>\n\t\t\t\t<\/div>\n\t\t\t\t<div class=\"elementor-element elementor-element-3c32660 elementor-widget elementor-widget-spacer\" data-id=\"3c32660\" data-element_type=\"widget\" data-e-type=\"widget\" data-widget_type=\"spacer.default\">\n\t\t\t\t<div class=\"elementor-widget-container\">\n\t\t\t\t\t\t\t<div class=\"elementor-spacer\">\n\t\t\t<div class=\"elementor-spacer-inner\"><\/div>\n\t\t<\/div>\n\t\t\t\t\t\t<\/div>\n\t\t\t\t<\/div>\n\t\t<div class=\"elementor-element elementor-element-33140e6 e-con-full e-flex e-con e-child\" data-id=\"33140e6\" data-element_type=\"container\" data-e-type=\"container\">\n\t\t\t\t<div class=\"elementor-element elementor-element-16f170f elementor-widget elementor-widget-google_maps\" data-id=\"16f170f\" data-element_type=\"widget\" data-e-type=\"widget\" data-widget_type=\"google_maps.default\">\n\t\t\t\t<div class=\"elementor-widget-container\">\n\t\t\t\t\t\t\t<div class=\"elementor-custom-embed\">\n\t\t\t<iframe loading=\"lazy\"\n\t\t\t\t\tsrc=\"https:\/\/maps.google.com\/maps?q=Compagnie%20m%C3%A9docaine%20des%20grands%20crus&#038;t=m&#038;z=15&#038;output=embed&#038;iwloc=near\"\n\t\t\t\t\ttitle=\"Compagnie m\u00e9docaine des grands crus\"\n\t\t\t\t\taria-label=\"Compagnie m\u00e9docaine des grands crus\"\n\t\t\t><\/iframe>\n\t\t<\/div>\n\t\t\t\t\t\t<\/div>\n\t\t\t\t<\/div>\n\t\t\t\t<\/div>\n\t\t\t\t\t<\/div>\n\t\t\t\t<\/div>\n\t\t\t\t<\/div>\n\t\t\t\t<\/div>\n\t\t","protected":false},"excerpt":{"rendered":"<p>Contact us Need help? Contact us! Our team is here to answer your questions and assist you.<\/p>\n","protected":false},"author":1,"featured_media":5639,"parent":0,"menu_order":0,"comment_status":"closed","ping_status":"closed","template":"","meta":{"footnotes":""},"class_list":["post-5790","page","type-page","status-publish","has-post-thumbnail","hentry"],"yoast_head":"<!-- This site is optimized with the Yoast SEO plugin v27.3 - https:\/\/yoast.com\/product\/yoast-seo-wordpress\/ -->\n<title>Compagnie M\u00e9docaine des Grands Crus - Contact us<\/title>\n<meta name=\"description\" content=\"Need help? Any questions? Contact us! Our team is here to answer your questions and assist you.\" \/>\n<meta name=\"robots\" content=\"index, follow, max-snippet:-1, max-image-preview:large, max-video-preview:-1\" \/>\n<link rel=\"canonical\" href=\"https:\/\/medocaine.com\/en\/contact-us\/\" \/>\n<meta property=\"og:locale\" content=\"en_US\" \/>\n<meta property=\"og:type\" content=\"article\" \/>\n<meta property=\"og:title\" content=\"Compagnie M\u00e9docaine des Grands Crus - Contact us\" \/>\n<meta property=\"og:description\" content=\"Need help? Any questions? Contact us! Our team is here to answer your questions and assist you.\" \/>\n<meta property=\"og:url\" content=\"https:\/\/medocaine.com\/en\/contact-us\/\" \/>\n<meta property=\"og:site_name\" content=\"Compagnie M\u00e9docaine des Grands Crus\" \/>\n<meta property=\"article:modified_time\" content=\"2024-05-03T09:05:50+00:00\" \/>\n<meta property=\"og:image\" content=\"https:\/\/medocaine.com\/wp-content\/uploads\/2024\/01\/contact.jpg\" \/>\n\t<meta property=\"og:image:width\" content=\"1600\" \/>\n\t<meta property=\"og:image:height\" content=\"2399\" \/>\n\t<meta property=\"og:image:type\" content=\"image\/jpeg\" \/>\n<meta name=\"twitter:card\" content=\"summary_large_image\" \/>\n<script type=\"application\/ld+json\" class=\"yoast-schema-graph\">{\"@context\":\"https:\\\/\\\/schema.org\",\"@graph\":[{\"@type\":\"WebPage\",\"@id\":\"https:\\\/\\\/medocaine.com\\\/en\\\/contact-us\\\/\",\"url\":\"https:\\\/\\\/medocaine.com\\\/en\\\/contact-us\\\/\",\"name\":\"Compagnie M\u00e9docaine des Grands Crus - Contact us\",\"isPartOf\":{\"@id\":\"https:\\\/\\\/medocaine.com\\\/en\\\/#website\"},\"primaryImageOfPage\":{\"@id\":\"https:\\\/\\\/medocaine.com\\\/en\\\/contact-us\\\/#primaryimage\"},\"image\":{\"@id\":\"https:\\\/\\\/medocaine.com\\\/en\\\/contact-us\\\/#primaryimage\"},\"thumbnailUrl\":\"https:\\\/\\\/medocaine.com\\\/wp-content\\\/uploads\\\/2024\\\/01\\\/contact.jpg\",\"datePublished\":\"2024-03-12T09:46:46+00:00\",\"dateModified\":\"2024-05-03T09:05:50+00:00\",\"description\":\"Need help? Any questions? Contact us! Our team is here to answer your questions and assist you.\",\"breadcrumb\":{\"@id\":\"https:\\\/\\\/medocaine.com\\\/en\\\/contact-us\\\/#breadcrumb\"},\"inLanguage\":\"en-US\",\"potentialAction\":[{\"@type\":\"ReadAction\",\"target\":[\"https:\\\/\\\/medocaine.com\\\/en\\\/contact-us\\\/\"]}]},{\"@type\":\"ImageObject\",\"inLanguage\":\"en-US\",\"@id\":\"https:\\\/\\\/medocaine.com\\\/en\\\/contact-us\\\/#primaryimage\",\"url\":\"https:\\\/\\\/medocaine.com\\\/wp-content\\\/uploads\\\/2024\\\/01\\\/contact.jpg\",\"contentUrl\":\"https:\\\/\\\/medocaine.com\\\/wp-content\\\/uploads\\\/2024\\\/01\\\/contact.jpg\",\"width\":1600,\"height\":2399,\"caption\":\"T\u00e9l\u00e9phone avec num\u00e9ro Compagnie M\u00e9docaine des Grands Crus\"},{\"@type\":\"BreadcrumbList\",\"@id\":\"https:\\\/\\\/medocaine.com\\\/en\\\/contact-us\\\/#breadcrumb\",\"itemListElement\":[{\"@type\":\"ListItem\",\"position\":1,\"name\":\"Accueil\",\"item\":\"https:\\\/\\\/medocaine.com\\\/en\\\/compagnie-medocaine-des-grands-crus\\\/\"},{\"@type\":\"ListItem\",\"position\":2,\"name\":\"Contact us\"}]},{\"@type\":\"WebSite\",\"@id\":\"https:\\\/\\\/medocaine.com\\\/en\\\/#website\",\"url\":\"https:\\\/\\\/medocaine.com\\\/en\\\/\",\"name\":\"medocaine\",\"description\":\"Explorer le vin, d\u00e9guster le monde\",\"publisher\":{\"@id\":\"https:\\\/\\\/medocaine.com\\\/en\\\/#organization\"},\"potentialAction\":[{\"@type\":\"SearchAction\",\"target\":{\"@type\":\"EntryPoint\",\"urlTemplate\":\"https:\\\/\\\/medocaine.com\\\/en\\\/?s={search_term_string}\"},\"query-input\":{\"@type\":\"PropertyValueSpecification\",\"valueRequired\":true,\"valueName\":\"search_term_string\"}}],\"inLanguage\":\"en-US\"},{\"@type\":\"Organization\",\"@id\":\"https:\\\/\\\/medocaine.com\\\/en\\\/#organization\",\"name\":\"medocaine\",\"url\":\"https:\\\/\\\/medocaine.com\\\/en\\\/\",\"logo\":{\"@type\":\"ImageObject\",\"inLanguage\":\"en-US\",\"@id\":\"https:\\\/\\\/medocaine.com\\\/en\\\/#\\\/schema\\\/logo\\\/image\\\/\",\"url\":\"https:\\\/\\\/medocaine.com\\\/wp-content\\\/uploads\\\/2023\\\/11\\\/CMDGC_Logo_Bloc_Beige.png\",\"contentUrl\":\"https:\\\/\\\/medocaine.com\\\/wp-content\\\/uploads\\\/2023\\\/11\\\/CMDGC_Logo_Bloc_Beige.png\",\"width\":5330,\"height\":1015,\"caption\":\"medocaine\"},\"image\":{\"@id\":\"https:\\\/\\\/medocaine.com\\\/en\\\/#\\\/schema\\\/logo\\\/image\\\/\"},\"sameAs\":[\"https:\\\/\\\/www.linkedin.com\\\/company\\\/6110907\\\/admin\\\/feed\\\/posts\\\/\",\"https:\\\/\\\/www.instagram.com\\\/compagnie.medocaine\\\/\"]}]}<\/script>\n<!-- \/ Yoast SEO plugin. -->","yoast_head_json":{"title":"Compagnie M\u00e9docaine des Grands Crus - Contact us","description":"Need help? Any questions? Contact us! Our team is here to answer your questions and assist you.","robots":{"index":"index","follow":"follow","max-snippet":"max-snippet:-1","max-image-preview":"max-image-preview:large","max-video-preview":"max-video-preview:-1"},"canonical":"https:\/\/medocaine.com\/en\/contact-us\/","og_locale":"en_US","og_type":"article","og_title":"Compagnie M\u00e9docaine des Grands Crus - Contact us","og_description":"Need help? Any questions? Contact us! Our team is here to answer your questions and assist you.","og_url":"https:\/\/medocaine.com\/en\/contact-us\/","og_site_name":"Compagnie M\u00e9docaine des Grands Crus","article_modified_time":"2024-05-03T09:05:50+00:00","og_image":[{"width":1600,"height":2399,"url":"https:\/\/medocaine.com\/wp-content\/uploads\/2024\/01\/contact.jpg","type":"image\/jpeg"}],"twitter_card":"summary_large_image","schema":{"@context":"https:\/\/schema.org","@graph":[{"@type":"WebPage","@id":"https:\/\/medocaine.com\/en\/contact-us\/","url":"https:\/\/medocaine.com\/en\/contact-us\/","name":"Compagnie M\u00e9docaine des Grands Crus - Contact us","isPartOf":{"@id":"https:\/\/medocaine.com\/en\/#website"},"primaryImageOfPage":{"@id":"https:\/\/medocaine.com\/en\/contact-us\/#primaryimage"},"image":{"@id":"https:\/\/medocaine.com\/en\/contact-us\/#primaryimage"},"thumbnailUrl":"https:\/\/medocaine.com\/wp-content\/uploads\/2024\/01\/contact.jpg","datePublished":"2024-03-12T09:46:46+00:00","dateModified":"2024-05-03T09:05:50+00:00","description":"Need help? Any questions? Contact us! Our team is here to answer your questions and assist you.","breadcrumb":{"@id":"https:\/\/medocaine.com\/en\/contact-us\/#breadcrumb"},"inLanguage":"en-US","potentialAction":[{"@type":"ReadAction","target":["https:\/\/medocaine.com\/en\/contact-us\/"]}]},{"@type":"ImageObject","inLanguage":"en-US","@id":"https:\/\/medocaine.com\/en\/contact-us\/#primaryimage","url":"https:\/\/medocaine.com\/wp-content\/uploads\/2024\/01\/contact.jpg","contentUrl":"https:\/\/medocaine.com\/wp-content\/uploads\/2024\/01\/contact.jpg","width":1600,"height":2399,"caption":"T\u00e9l\u00e9phone avec num\u00e9ro Compagnie M\u00e9docaine des Grands Crus"},{"@type":"BreadcrumbList","@id":"https:\/\/medocaine.com\/en\/contact-us\/#breadcrumb","itemListElement":[{"@type":"ListItem","position":1,"name":"Accueil","item":"https:\/\/medocaine.com\/en\/compagnie-medocaine-des-grands-crus\/"},{"@type":"ListItem","position":2,"name":"Contact us"}]},{"@type":"WebSite","@id":"https:\/\/medocaine.com\/en\/#website","url":"https:\/\/medocaine.com\/en\/","name":"medocaine","description":"Explorer le vin, d\u00e9guster le monde","publisher":{"@id":"https:\/\/medocaine.com\/en\/#organization"},"potentialAction":[{"@type":"SearchAction","target":{"@type":"EntryPoint","urlTemplate":"https:\/\/medocaine.com\/en\/?s={search_term_string}"},"query-input":{"@type":"PropertyValueSpecification","valueRequired":true,"valueName":"search_term_string"}}],"inLanguage":"en-US"},{"@type":"Organization","@id":"https:\/\/medocaine.com\/en\/#organization","name":"medocaine","url":"https:\/\/medocaine.com\/en\/","logo":{"@type":"ImageObject","inLanguage":"en-US","@id":"https:\/\/medocaine.com\/en\/#\/schema\/logo\/image\/","url":"https:\/\/medocaine.com\/wp-content\/uploads\/2023\/11\/CMDGC_Logo_Bloc_Beige.png","contentUrl":"https:\/\/medocaine.com\/wp-content\/uploads\/2023\/11\/CMDGC_Logo_Bloc_Beige.png","width":5330,"height":1015,"caption":"medocaine"},"image":{"@id":"https:\/\/medocaine.com\/en\/#\/schema\/logo\/image\/"},"sameAs":["https:\/\/www.linkedin.com\/company\/6110907\/admin\/feed\/posts\/","https:\/\/www.instagram.com\/compagnie.medocaine\/"]}]}},"_links":{"self":[{"href":"https:\/\/medocaine.com\/en\/wp-json\/wp\/v2\/pages\/5790","targetHints":{"allow":["GET"]}}],"collection":[{"href":"https:\/\/medocaine.com\/en\/wp-json\/wp\/v2\/pages"}],"about":[{"href":"https:\/\/medocaine.com\/en\/wp-json\/wp\/v2\/types\/page"}],"author":[{"embeddable":true,"href":"https:\/\/medocaine.com\/en\/wp-json\/wp\/v2\/users\/1"}],"replies":[{"embeddable":true,"href":"https:\/\/medocaine.com\/en\/wp-json\/wp\/v2\/comments?post=5790"}],"version-history":[{"count":4,"href":"https:\/\/medocaine.com\/en\/wp-json\/wp\/v2\/pages\/5790\/revisions"}],"predecessor-version":[{"id":6369,"href":"https:\/\/medocaine.com\/en\/wp-json\/wp\/v2\/pages\/5790\/revisions\/6369"}],"wp:featuredmedia":[{"embeddable":true,"href":"https:\/\/medocaine.com\/en\/wp-json\/wp\/v2\/media\/5639"}],"wp:attachment":[{"href":"https:\/\/medocaine.com\/en\/wp-json\/wp\/v2\/media?parent=5790"}],"curies":[{"name":"wp","href":"https:\/\/api.w.org\/{rel}","templated":true}]}}